{"id":9811,"date":"2021-09-29T08:54:56","date_gmt":"2021-09-29T08:54:56","guid":{"rendered":"https:\/\/www.azooree.com\/?page_id=9811"},"modified":"2022-10-21T08:07:07","modified_gmt":"2022-10-21T08:07:07","slug":"aluguer-de-carro","status":"publish","type":"page","link":"https:\/\/www.azooree.com\/en\/aluguer-de-carro\/","title":{"rendered":"Car Rental"},"content":{"rendered":"<div class=\"vc_row wpb_row st bg-holder\"><div class='container'><div class='row'>\n\t<div class=\"wpb_column column_container col-md-6 vc_hidden-sm vc_hidden-xs vc_custom_1656505747757\"><div class=\"vc_column-inner wpb_wrapper\">\n\t\t\t\n<div class=\"wpcf7 no-js\" id=\"wpcf7-f10715-o1\" lang=\"pt-PT\" dir=\"ltr\" data-wpcf7-id=\"10715\">\n<div class=\"screen-reader-response\"><p role=\"status\" aria-live=\"polite\" aria-atomic=\"true\"><\/p> <ul><\/ul><\/div>\n<form action=\"\/en\/wp-json\/wp\/v2\/pages\/9811#wpcf7-f10715-o1\" method=\"post\" class=\"wpcf7-form init\" aria-label=\"Formul\u00e1rio de contacto\" novalidate=\"novalidate\" data-status=\"init\" data-trp-original-action=\"\/en\/wp-json\/wp\/v2\/pages\/9811#wpcf7-f10715-o1\">\n<fieldset class=\"hidden-fields-container\"><input type=\"hidden\" name=\"_wpcf7\" value=\"10715\" \/><input type=\"hidden\" name=\"_wpcf7_version\" value=\"6.1.1\" \/><input type=\"hidden\" name=\"_wpcf7_locale\" value=\"pt_PT\" \/><input type=\"hidden\" name=\"_wpcf7_unit_tag\" value=\"wpcf7-f10715-o1\" \/><input type=\"hidden\" name=\"_wpcf7_container_post\" value=\"0\" \/><input type=\"hidden\" name=\"_wpcf7_posted_data_hash\" value=\"\" \/>\n<\/fieldset>\n<div class=\"gdlr-core-input-wrap gdlr-core-large gdlr-core-full-width gdlr-core-with-column gdlr-core-no-border\" >\n\t<div class=\"gdlr-core-column-30\">\n\t\t<p><span class=\"wpcf7-form-control-wrap\" data-name=\"your-name\"><input size=\"40\" maxlength=\"400\" class=\"wpcf7-form-control wpcf7-text wpcf7-validates-as-required\" aria-required=\"true\" aria-invalid=\"false\" placeholder=\"First and Last Name*\" value=\"\" type=\"text\" name=\"your-name\" \/><\/span>\n\t\t<\/p>\n\t<\/div>\n\t<div class=\"clear\">\n\t<\/div>\n\t<p>\u200b\n\t<\/p>\n\t<div class=\"gdlr-core-column-30\">\n\t\t<p><span class=\"wpcf7-form-control-wrap\" data-name=\"your-email\"><input size=\"40\" maxlength=\"400\" class=\"wpcf7-form-control wpcf7-email wpcf7-validates-as-required wpcf7-text wpcf7-validates-as-email\" aria-required=\"true\" aria-invalid=\"false\" placeholder=\"E-mail*\" value=\"\" type=\"email\" name=\"your-email\" \/><\/span>\n\t\t<\/p>\n\t<\/div>\n\t<div class=\"clear\">\n\t<\/div>\n\t<p class=\"translation-block\"><br>\nVehicle Issue Date?<\/p>\n\t<div class=\"gdlr-core-column-60\">\n\t\t<p><span class=\"wpcf7-form-control-wrap\" data-name=\"date-404\"><input class=\"wpcf7-form-control wpcf7-date wpcf7-validates-as-required wpcf7-validates-as-date\" aria-required=\"true\" aria-invalid=\"false\" placeholder=\"\" value=\"\" type=\"date\" name=\"date-404\" \/><\/span>\n\t\t<\/p>\n\t<\/div>\n\t<div class=\"clear\">\n\t<\/div>\n\t<p>\u200b\u200b<br \/>\n<br>\nVehicle Delivery Date?\n\t<\/p>\n\t<div class=\"gdlr-core-column-60\">\n\t\t<p><span class=\"wpcf7-form-control-wrap\" data-name=\"date-9\"><input class=\"wpcf7-form-control wpcf7-date wpcf7-validates-as-required wpcf7-validates-as-date\" aria-required=\"true\" aria-invalid=\"false\" placeholder=\"\" value=\"\" type=\"date\" name=\"date-9\" \/><\/span>\n\t\t<\/p>\n\t<\/div>\n\t<div class=\"clear\">\n\t<\/div>\n\t<p>\u200b<br \/>\nTime and Place of Pick-Up?\n\t<\/p>\n\t<div class=\"gdlr-core-column-60\">\n\t\t<p><span class=\"wpcf7-form-control-wrap\" data-name=\"text-7\"><input size=\"40\" maxlength=\"400\" class=\"wpcf7-form-control wpcf7-text wpcf7-validates-as-required\" aria-required=\"true\" aria-invalid=\"false\" placeholder=\"\" value=\"\" type=\"text\" name=\"text-7\" \/><\/span>\n\t\t<\/p>\n\t<\/div>\n\t<div class=\"clear\">\n\t<\/div>\n\t<p>\u200b<br \/>\nHour and Place of Drop-Off?\n\t<\/p>\n\t<div class=\"gdlr-core-column-60\">\n\t\t<p><span class=\"wpcf7-form-control-wrap\" data-name=\"text-555\"><input size=\"40\" maxlength=\"400\" class=\"wpcf7-form-control wpcf7-text wpcf7-validates-as-required\" aria-required=\"true\" aria-invalid=\"false\" placeholder=\"\" value=\"\" type=\"text\" name=\"text-555\" \/><\/span>\n\t\t<\/p>\n\t<\/div>\n\t<div class=\"clear\">\n\t<\/div>\n\t<p>\u200b<br \/>\nNumber of People (includes children and\/or babies)?\n\t<\/p>\n\t<div class=\"gdlr-core-column-60\">\n\t\t<p><span class=\"wpcf7-form-control-wrap\" data-name=\"number-549\"><input class=\"wpcf7-form-control wpcf7-number wpcf7-validates-as-required wpcf7-validates-as-number\" min=\"1\" max=\"9\" aria-required=\"true\" aria-invalid=\"false\" placeholder=\"\" value=\"\" type=\"number\" name=\"number-549\" \/><\/span>\n\t\t<\/p>\n\t<\/div>\n\t<div class=\"clear\">\n\t<\/div>\n\t<p>\u200b<br \/>\nIf Children and\/or Babies are traveling, what age are they?\n\t<\/p>\n\t<div class=\"gdlr-core-column-60\">\n\t\t<p><span class=\"wpcf7-form-control-wrap\" data-name=\"text-773\"><input size=\"40\" maxlength=\"400\" class=\"wpcf7-form-control wpcf7-text\" aria-invalid=\"false\" placeholder=\"\" value=\"\" type=\"text\" name=\"text-773\" \/><\/span>\n\t\t<\/p>\n\t<\/div>\n\t<div class=\"clear\">\n\t<\/div>\n\t<p>\u200b<br \/>\nIn Which island(s) do you want to rent?<br \/>\n<span class=\"wpcf7-form-control-wrap\" data-name=\"checkbox-537\"><span class=\"wpcf7-form-control wpcf7-checkbox wpcf7-validates-as-required\"><span class=\"wpcf7-list-item first\"><label><input type=\"checkbox\" name=\"checkbox-537[]\" value=\"Ilha Terceira\" \/><span class=\"wpcf7-list-item-label\">Terceira Island<\/span><\/label><\/span><span class=\"wpcf7-list-item\"><label><input type=\"checkbox\" name=\"checkbox-537[]\" value=\"Ilha Graciosa\" \/><span class=\"wpcf7-list-item-label\">Graciosa Island<\/span><\/label><\/span><span class=\"wpcf7-list-item\"><label><input type=\"checkbox\" name=\"checkbox-537[]\" value=\"Ilha do Pico\" \/><span class=\"wpcf7-list-item-label\">Pico Island<\/span><\/label><\/span><span class=\"wpcf7-list-item\"><label><input type=\"checkbox\" name=\"checkbox-537[]\" value=\"Ilha do Faial\" \/><span class=\"wpcf7-list-item-label\">Faial Island<\/span><\/label><\/span><span class=\"wpcf7-list-item\"><label><input type=\"checkbox\" name=\"checkbox-537[]\" value=\"Ilha de S\u00e3o Jorge\" \/><span class=\"wpcf7-list-item-label\">S\u00e3o Jorge Island<\/span><\/label><\/span><span class=\"wpcf7-list-item\"><label><input type=\"checkbox\" name=\"checkbox-537[]\" value=\"Ilha do Corvo\" \/><span class=\"wpcf7-list-item-label\">Corvo Island<\/span><\/label><\/span><span class=\"wpcf7-list-item\"><label><input type=\"checkbox\" name=\"checkbox-537[]\" value=\"Ilha das Flores\" \/><span class=\"wpcf7-list-item-label\">Flores Island<\/span><\/label><\/span><span class=\"wpcf7-list-item\"><label><input type=\"checkbox\" name=\"checkbox-537[]\" value=\"Ilha de S\u00e3o Miguel\" \/><span class=\"wpcf7-list-item-label\">S\u00e3o Miguel Island<\/span><\/label><\/span><span class=\"wpcf7-list-item last\"><label><input type=\"checkbox\" name=\"checkbox-537[]\" value=\"Ilha de Santa Maria\" \/><span class=\"wpcf7-list-item-label\">Santa Maria Island<\/span><\/label><\/span><\/span><\/span>\n\t<\/p>\n\t<div class=\"clear\">\n\t<\/div>\n\t<p>\u200b<br \/>\nWhat class of car do you want?<br \/>\n<span class=\"wpcf7-form-control-wrap\" data-name=\"checkbox-230\"><span class=\"wpcf7-form-control wpcf7-checkbox wpcf7-validates-as-required wpcf7-exclusive-checkbox\"><span class=\"wpcf7-list-item first\"><label><input type=\"checkbox\" name=\"checkbox-230\" value=\"Classe A (ou similar)\" \/><span class=\"wpcf7-list-item-label\">Class A (or similar)<\/span><\/label><\/span><span class=\"wpcf7-list-item\"><label><input type=\"checkbox\" name=\"checkbox-230\" value=\"Classe B (ou similar)\" \/><span class=\"wpcf7-list-item-label\">Class B (or similar)<\/span><\/label><\/span><span class=\"wpcf7-list-item last\"><label><input type=\"checkbox\" name=\"checkbox-230\" value=\"Classe C (ou similar)\" \/><span class=\"wpcf7-list-item-label\">Class C (or similar)<\/span><\/label><\/span><\/span><\/span>\n\t<\/p>\n\t<div class=\"clear\">\n\t<\/div>\n\t<p>\u200b\n\t<\/p>\n\t<div class=\"gdlr-core-column-60 gdlr-core-center-align\">\n\t\t<p><input class=\"wpcf7-form-control wpcf7-submit has-spinner gdlr-core-full\" type=\"submit\" value=\"Submit Now\" \/>\n\t\t<\/p>\n\t<\/div>\n<\/div><div class=\"wpcf7-response-output\" aria-hidden=\"true\"><\/div>\n<input type=\"hidden\" name=\"trp-form-language\" value=\"en\"\/><\/form>\n<\/div>\n<\/div>\n\t<\/div> \n\n\t<div class=\"wpb_column column_container col-md-6 vc_hidden-sm vc_hidden-xs\"><div class=\"vc_column-inner wpb_wrapper\">\n\t\t\t\n\t<div  class=\"wpb_single_image wpb_content_element vc_align_left\">\n\t\t\n\t\t<figure class=\"wpb_wrapper vc_figure\">\n\t\t\t<div class=\"vc_single_image-wrapper   vc_box_border_grey\"><img loading=\"lazy\" decoding=\"async\" class=\"vc_single_image-img\" src=\"https:\/\/www.azooree.com\/wp-content\/uploads\/2022\/10\/Rent-a-car.jpg\" width=\"1160\" height=\"2128\" alt=\"Rent-a-car\" title=\"Rent-a-car\" \/><\/div>\n\t\t<\/figure>\n\t<\/div>\n<\/div>\n\t<\/div> \n<\/div><!--End .row--><\/div><!--End .container--><\/div><div class=\"vc_row wpb_row st bg-holder\"><div class='container'><div class='row'>\n\t<div class=\"wpb_column column_container col-md-12 vc_hidden-lg vc_hidden-md vc_custom_1656505909918\"><div class=\"vc_column-inner wpb_wrapper\">\n\t\t\t\n\t<div  class=\"wpb_single_image wpb_content_element vc_align_left\">\n\t\t\n\t\t<figure class=\"wpb_wrapper vc_figure\">\n\t\t\t<div class=\"vc_single_image-wrapper   vc_box_border_grey\"><img loading=\"lazy\" decoding=\"async\" class=\"vc_single_image-img\" src=\"https:\/\/www.azooree.com\/wp-content\/uploads\/2022\/02\/Rent-a-Car-2.png\" width=\"1160\" height=\"2128\" alt=\"Rent-a-Car\" title=\"Rent-a-Car\" \/><\/div>\n\t\t<\/figure>\n\t<\/div>\n<div class=\"vc_empty_space\"   style=\"height: 50px\"><span class=\"vc_empty_space_inner\"><\/span><\/div>\n<div class=\"wpcf7 no-js\" id=\"wpcf7-f10715-o2\" lang=\"pt-PT\" dir=\"ltr\" data-wpcf7-id=\"10715\">\n<div class=\"screen-reader-response\"><p role=\"status\" aria-live=\"polite\" aria-atomic=\"true\"><\/p> <ul><\/ul><\/div>\n<form action=\"\/en\/wp-json\/wp\/v2\/pages\/9811#wpcf7-f10715-o2\" method=\"post\" class=\"wpcf7-form init\" aria-label=\"Formul\u00e1rio de contacto\" novalidate=\"novalidate\" data-status=\"init\" data-trp-original-action=\"\/en\/wp-json\/wp\/v2\/pages\/9811#wpcf7-f10715-o2\">\n<fieldset class=\"hidden-fields-container\"><input type=\"hidden\" name=\"_wpcf7\" value=\"10715\" \/><input type=\"hidden\" name=\"_wpcf7_version\" value=\"6.1.1\" \/><input type=\"hidden\" name=\"_wpcf7_locale\" value=\"pt_PT\" \/><input type=\"hidden\" name=\"_wpcf7_unit_tag\" value=\"wpcf7-f10715-o2\" \/><input type=\"hidden\" name=\"_wpcf7_container_post\" value=\"0\" \/><input type=\"hidden\" name=\"_wpcf7_posted_data_hash\" value=\"\" \/>\n<\/fieldset>\n<div class=\"gdlr-core-input-wrap gdlr-core-large gdlr-core-full-width gdlr-core-with-column gdlr-core-no-border\" >\n\t<div class=\"gdlr-core-column-30\">\n\t\t<p><span class=\"wpcf7-form-control-wrap\" data-name=\"your-name\"><input size=\"40\" maxlength=\"400\" class=\"wpcf7-form-control wpcf7-text wpcf7-validates-as-required\" aria-required=\"true\" aria-invalid=\"false\" placeholder=\"First and Last Name*\" value=\"\" type=\"text\" name=\"your-name\" \/><\/span>\n\t\t<\/p>\n\t<\/div>\n\t<div class=\"clear\">\n\t<\/div>\n\t<p>\u200b\n\t<\/p>\n\t<div class=\"gdlr-core-column-30\">\n\t\t<p><span class=\"wpcf7-form-control-wrap\" data-name=\"your-email\"><input size=\"40\" maxlength=\"400\" class=\"wpcf7-form-control wpcf7-email wpcf7-validates-as-required wpcf7-text wpcf7-validates-as-email\" aria-required=\"true\" aria-invalid=\"false\" placeholder=\"E-mail*\" value=\"\" type=\"email\" name=\"your-email\" \/><\/span>\n\t\t<\/p>\n\t<\/div>\n\t<div class=\"clear\">\n\t<\/div>\n\t<p class=\"translation-block\"><br>\nVehicle Issue Date?<\/p>\n\t<div class=\"gdlr-core-column-60\">\n\t\t<p><span class=\"wpcf7-form-control-wrap\" data-name=\"date-404\"><input class=\"wpcf7-form-control wpcf7-date wpcf7-validates-as-required wpcf7-validates-as-date\" aria-required=\"true\" aria-invalid=\"false\" placeholder=\"\" value=\"\" type=\"date\" name=\"date-404\" \/><\/span>\n\t\t<\/p>\n\t<\/div>\n\t<div class=\"clear\">\n\t<\/div>\n\t<p>\u200b\u200b<br \/>\n<br>\nVehicle Delivery Date?\n\t<\/p>\n\t<div class=\"gdlr-core-column-60\">\n\t\t<p><span class=\"wpcf7-form-control-wrap\" data-name=\"date-9\"><input class=\"wpcf7-form-control wpcf7-date wpcf7-validates-as-required wpcf7-validates-as-date\" aria-required=\"true\" aria-invalid=\"false\" placeholder=\"\" value=\"\" type=\"date\" name=\"date-9\" \/><\/span>\n\t\t<\/p>\n\t<\/div>\n\t<div class=\"clear\">\n\t<\/div>\n\t<p>\u200b<br \/>\nTime and Place of Pick-Up?\n\t<\/p>\n\t<div class=\"gdlr-core-column-60\">\n\t\t<p><span class=\"wpcf7-form-control-wrap\" data-name=\"text-7\"><input size=\"40\" maxlength=\"400\" class=\"wpcf7-form-control wpcf7-text wpcf7-validates-as-required\" aria-required=\"true\" aria-invalid=\"false\" placeholder=\"\" value=\"\" type=\"text\" name=\"text-7\" \/><\/span>\n\t\t<\/p>\n\t<\/div>\n\t<div class=\"clear\">\n\t<\/div>\n\t<p>\u200b<br \/>\nHour and Place of Drop-Off?\n\t<\/p>\n\t<div class=\"gdlr-core-column-60\">\n\t\t<p><span class=\"wpcf7-form-control-wrap\" data-name=\"text-555\"><input size=\"40\" maxlength=\"400\" class=\"wpcf7-form-control wpcf7-text wpcf7-validates-as-required\" aria-required=\"true\" aria-invalid=\"false\" placeholder=\"\" value=\"\" type=\"text\" name=\"text-555\" \/><\/span>\n\t\t<\/p>\n\t<\/div>\n\t<div class=\"clear\">\n\t<\/div>\n\t<p>\u200b<br \/>\nNumber of People (includes children and\/or babies)?\n\t<\/p>\n\t<div class=\"gdlr-core-column-60\">\n\t\t<p><span class=\"wpcf7-form-control-wrap\" data-name=\"number-549\"><input class=\"wpcf7-form-control wpcf7-number wpcf7-validates-as-required wpcf7-validates-as-number\" min=\"1\" max=\"9\" aria-required=\"true\" aria-invalid=\"false\" placeholder=\"\" value=\"\" type=\"number\" name=\"number-549\" \/><\/span>\n\t\t<\/p>\n\t<\/div>\n\t<div class=\"clear\">\n\t<\/div>\n\t<p>\u200b<br \/>\nIf Children and\/or Babies are traveling, what age are they?\n\t<\/p>\n\t<div class=\"gdlr-core-column-60\">\n\t\t<p><span class=\"wpcf7-form-control-wrap\" data-name=\"text-773\"><input size=\"40\" maxlength=\"400\" class=\"wpcf7-form-control wpcf7-text\" aria-invalid=\"false\" placeholder=\"\" value=\"\" type=\"text\" name=\"text-773\" \/><\/span>\n\t\t<\/p>\n\t<\/div>\n\t<div class=\"clear\">\n\t<\/div>\n\t<p>\u200b<br \/>\nIn Which island(s) do you want to rent?<br \/>\n<span class=\"wpcf7-form-control-wrap\" data-name=\"checkbox-537\"><span class=\"wpcf7-form-control wpcf7-checkbox wpcf7-validates-as-required\"><span class=\"wpcf7-list-item first\"><label><input type=\"checkbox\" name=\"checkbox-537[]\" value=\"Ilha Terceira\" \/><span class=\"wpcf7-list-item-label\">Terceira Island<\/span><\/label><\/span><span class=\"wpcf7-list-item\"><label><input type=\"checkbox\" name=\"checkbox-537[]\" value=\"Ilha Graciosa\" \/><span class=\"wpcf7-list-item-label\">Graciosa Island<\/span><\/label><\/span><span class=\"wpcf7-list-item\"><label><input type=\"checkbox\" name=\"checkbox-537[]\" value=\"Ilha do Pico\" \/><span class=\"wpcf7-list-item-label\">Pico Island<\/span><\/label><\/span><span class=\"wpcf7-list-item\"><label><input type=\"checkbox\" name=\"checkbox-537[]\" value=\"Ilha do Faial\" \/><span class=\"wpcf7-list-item-label\">Faial Island<\/span><\/label><\/span><span class=\"wpcf7-list-item\"><label><input type=\"checkbox\" name=\"checkbox-537[]\" value=\"Ilha de S\u00e3o Jorge\" \/><span class=\"wpcf7-list-item-label\">S\u00e3o Jorge Island<\/span><\/label><\/span><span class=\"wpcf7-list-item\"><label><input type=\"checkbox\" name=\"checkbox-537[]\" value=\"Ilha do Corvo\" \/><span class=\"wpcf7-list-item-label\">Corvo Island<\/span><\/label><\/span><span class=\"wpcf7-list-item\"><label><input type=\"checkbox\" name=\"checkbox-537[]\" value=\"Ilha das Flores\" \/><span class=\"wpcf7-list-item-label\">Flores Island<\/span><\/label><\/span><span class=\"wpcf7-list-item\"><label><input type=\"checkbox\" name=\"checkbox-537[]\" value=\"Ilha de S\u00e3o Miguel\" \/><span class=\"wpcf7-list-item-label\">S\u00e3o Miguel Island<\/span><\/label><\/span><span class=\"wpcf7-list-item last\"><label><input type=\"checkbox\" name=\"checkbox-537[]\" value=\"Ilha de Santa Maria\" \/><span class=\"wpcf7-list-item-label\">Santa Maria Island<\/span><\/label><\/span><\/span><\/span>\n\t<\/p>\n\t<div class=\"clear\">\n\t<\/div>\n\t<p>\u200b<br \/>\nWhat class of car do you want?<br \/>\n<span class=\"wpcf7-form-control-wrap\" data-name=\"checkbox-230\"><span class=\"wpcf7-form-control wpcf7-checkbox wpcf7-validates-as-required wpcf7-exclusive-checkbox\"><span class=\"wpcf7-list-item first\"><label><input type=\"checkbox\" name=\"checkbox-230\" value=\"Classe A (ou similar)\" \/><span class=\"wpcf7-list-item-label\">Class A (or similar)<\/span><\/label><\/span><span class=\"wpcf7-list-item\"><label><input type=\"checkbox\" name=\"checkbox-230\" value=\"Classe B (ou similar)\" \/><span class=\"wpcf7-list-item-label\">Class B (or similar)<\/span><\/label><\/span><span class=\"wpcf7-list-item last\"><label><input type=\"checkbox\" name=\"checkbox-230\" value=\"Classe C (ou similar)\" \/><span class=\"wpcf7-list-item-label\">Class C (or similar)<\/span><\/label><\/span><\/span><\/span>\n\t<\/p>\n\t<div class=\"clear\">\n\t<\/div>\n\t<p>\u200b\n\t<\/p>\n\t<div class=\"gdlr-core-column-60 gdlr-core-center-align\">\n\t\t<p><input class=\"wpcf7-form-control wpcf7-submit has-spinner gdlr-core-full\" type=\"submit\" value=\"Submit Now\" \/>\n\t\t<\/p>\n\t<\/div>\n<\/div><div class=\"wpcf7-response-output\" aria-hidden=\"true\"><\/div>\n<input type=\"hidden\" name=\"trp-form-language\" value=\"en\"\/><\/form>\n<\/div>\n<\/div>\n\t<\/div> \n<\/div><!--End .row--><\/div><!--End .container--><\/div>","protected":false},"excerpt":{"rendered":"\u200b \u200b\u200b Data de Entrega do Ve\u00edculo? \u200b\u200b Data de Devolu\u00e7\u00e3o do Ve\u00edculo? \u200b Hora e Local do Pick-up? \u200b Hora e Local do Drop-off? \u200b N\u00famero de Pessoas (inclui crian\u00e7as e\/ou beb\u00e9s)? \u200b Caso Viajam Crian\u00e7as e\/ou Beb\u00e9s, que idades apresentam? \u200b Qual(ais) a(s) ilha(s) onde pretende alugar? Ilha TerceiraIlha GraciosaIlha do PicoIlha do [...]","protected":false},"author":1,"featured_media":10067,"parent":0,"menu_order":0,"comment_status":"closed","ping_status":"closed","template":"template-home-modern.php","meta":{"footnotes":""},"class_list":["post-9811","page","type-page","status-publish","has-post-thumbnail","hentry"],"yoast_head":"<!-- This site is optimized with the Yoast SEO plugin v25.9 - https:\/\/yoast.com\/wordpress\/plugins\/seo\/ -->\n<title>Aluguer de Carro - Azooree<\/title>\n<meta name=\"robots\" content=\"index, follow, max-snippet:-1, max-image-preview:large, max-video-preview:-1\" \/>\n<link rel=\"canonical\" href=\"https:\/\/www.azooree.com\/en\/aluguer-de-carro\/\" \/>\n<meta property=\"og:locale\" content=\"en_GB\" \/>\n<meta property=\"og:type\" content=\"article\" \/>\n<meta property=\"og:title\" content=\"Aluguer de Carro - Azooree\" \/>\n<meta property=\"og:url\" content=\"https:\/\/www.azooree.com\/en\/aluguer-de-carro\/\" \/>\n<meta property=\"og:site_name\" content=\"Azooree\" \/>\n<meta property=\"article:publisher\" content=\"https:\/\/www.facebook.com\/AzooreeLDA\/\" \/>\n<meta property=\"article:modified_time\" content=\"2022-10-21T08:07:07+00:00\" \/>\n<meta property=\"og:image\" content=\"https:\/\/www.azooree.com\/wp-content\/uploads\/2021\/11\/Azooree-2.png\" \/>\n\t<meta property=\"og:image:width\" content=\"2667\" \/>\n\t<meta property=\"og:image:height\" content=\"444\" \/>\n\t<meta property=\"og:image:type\" content=\"image\/png\" \/>\n<meta name=\"twitter:card\" content=\"summary_large_image\" \/>\n<meta name=\"twitter:label1\" content=\"Estimated reading time\" \/>\n\t<meta name=\"twitter:data1\" content=\"1 minute\" \/>\n<script type=\"application\/ld+json\" class=\"yoast-schema-graph\">{\"@context\":\"https:\/\/schema.org\",\"@graph\":[{\"@type\":\"WebPage\",\"@id\":\"https:\/\/www.azooree.com\/aluguer-de-carro\/\",\"url\":\"https:\/\/www.azooree.com\/aluguer-de-carro\/\",\"name\":\"Aluguer de Carro - Azooree\",\"isPartOf\":{\"@id\":\"https:\/\/www.azooree.com\/en\/#website\"},\"primaryImageOfPage\":{\"@id\":\"https:\/\/www.azooree.com\/aluguer-de-carro\/#primaryimage\"},\"image\":{\"@id\":\"https:\/\/www.azooree.com\/aluguer-de-carro\/#primaryimage\"},\"thumbnailUrl\":\"https:\/\/www.azooree.com\/wp-content\/uploads\/2021\/11\/Azooree-2.png\",\"datePublished\":\"2021-09-29T08:54:56+00:00\",\"dateModified\":\"2022-10-21T08:07:07+00:00\",\"breadcrumb\":{\"@id\":\"https:\/\/www.azooree.com\/aluguer-de-carro\/#breadcrumb\"},\"inLanguage\":\"en-GB\",\"potentialAction\":[{\"@type\":\"ReadAction\",\"target\":[\"https:\/\/www.azooree.com\/aluguer-de-carro\/\"]}]},{\"@type\":\"ImageObject\",\"inLanguage\":\"en-GB\",\"@id\":\"https:\/\/www.azooree.com\/aluguer-de-carro\/#primaryimage\",\"url\":\"https:\/\/www.azooree.com\/wp-content\/uploads\/2021\/11\/Azooree-2.png\",\"contentUrl\":\"https:\/\/www.azooree.com\/wp-content\/uploads\/2021\/11\/Azooree-2.png\",\"width\":2667,\"height\":444},{\"@type\":\"BreadcrumbList\",\"@id\":\"https:\/\/www.azooree.com\/aluguer-de-carro\/#breadcrumb\",\"itemListElement\":[{\"@type\":\"ListItem\",\"position\":1,\"name\":\"In\u00edcio\",\"item\":\"https:\/\/www.azooree.com\/en\/\"},{\"@type\":\"ListItem\",\"position\":2,\"name\":\"Aluguer de Carro\"}]},{\"@type\":\"WebSite\",\"@id\":\"https:\/\/www.azooree.com\/en\/#website\",\"url\":\"https:\/\/www.azooree.com\/en\/\",\"name\":\"Azooree - Ag\u00eancia de Viagens e Turismo\",\"description\":\"Ag\u00eancia de Viagens e Turismo\",\"potentialAction\":[{\"@type\":\"SearchAction\",\"target\":{\"@type\":\"EntryPoint\",\"urlTemplate\":\"https:\/\/www.azooree.com\/en\/?s={search_term_string}\"},\"query-input\":{\"@type\":\"PropertyValueSpecification\",\"valueRequired\":true,\"valueName\":\"search_term_string\"}}],\"inLanguage\":\"en-GB\"}]}<\/script>\n<!-- \/ Yoast SEO plugin. -->","yoast_head_json":{"title":"Aluguer de Carro - Azooree","robots":{"index":"index","follow":"follow","max-snippet":"max-snippet:-1","max-image-preview":"max-image-preview:large","max-video-preview":"max-video-preview:-1"},"canonical":"https:\/\/www.azooree.com\/en\/aluguer-de-carro\/","og_locale":"en_GB","og_type":"article","og_title":"Aluguer de Carro - Azooree","og_url":"https:\/\/www.azooree.com\/en\/aluguer-de-carro\/","og_site_name":"Azooree","article_publisher":"https:\/\/www.facebook.com\/AzooreeLDA\/","article_modified_time":"2022-10-21T08:07:07+00:00","og_image":[{"width":2667,"height":444,"url":"https:\/\/www.azooree.com\/wp-content\/uploads\/2021\/11\/Azooree-2.png","type":"image\/png"}],"twitter_card":"summary_large_image","twitter_misc":{"Estimated reading time":"1 minute"},"schema":{"@context":"https:\/\/schema.org","@graph":[{"@type":"WebPage","@id":"https:\/\/www.azooree.com\/aluguer-de-carro\/","url":"https:\/\/www.azooree.com\/aluguer-de-carro\/","name":"Aluguer de Carro - Azooree","isPartOf":{"@id":"https:\/\/www.azooree.com\/en\/#website"},"primaryImageOfPage":{"@id":"https:\/\/www.azooree.com\/aluguer-de-carro\/#primaryimage"},"image":{"@id":"https:\/\/www.azooree.com\/aluguer-de-carro\/#primaryimage"},"thumbnailUrl":"https:\/\/www.azooree.com\/wp-content\/uploads\/2021\/11\/Azooree-2.png","datePublished":"2021-09-29T08:54:56+00:00","dateModified":"2022-10-21T08:07:07+00:00","breadcrumb":{"@id":"https:\/\/www.azooree.com\/aluguer-de-carro\/#breadcrumb"},"inLanguage":"en-GB","potentialAction":[{"@type":"ReadAction","target":["https:\/\/www.azooree.com\/aluguer-de-carro\/"]}]},{"@type":"ImageObject","inLanguage":"en-GB","@id":"https:\/\/www.azooree.com\/aluguer-de-carro\/#primaryimage","url":"https:\/\/www.azooree.com\/wp-content\/uploads\/2021\/11\/Azooree-2.png","contentUrl":"https:\/\/www.azooree.com\/wp-content\/uploads\/2021\/11\/Azooree-2.png","width":2667,"height":444},{"@type":"BreadcrumbList","@id":"https:\/\/www.azooree.com\/aluguer-de-carro\/#breadcrumb","itemListElement":[{"@type":"ListItem","position":1,"name":"In\u00edcio","item":"https:\/\/www.azooree.com\/en\/"},{"@type":"ListItem","position":2,"name":"Aluguer de Carro"}]},{"@type":"WebSite","@id":"https:\/\/www.azooree.com\/en\/#website","url":"https:\/\/www.azooree.com\/en\/","name":"Azooree - Ag\u00eancia de Viagens e Turismo","description":"Ag\u00eancia de Viagens e Turismo","potentialAction":[{"@type":"SearchAction","target":{"@type":"EntryPoint","urlTemplate":"https:\/\/www.azooree.com\/en\/?s={search_term_string}"},"query-input":{"@type":"PropertyValueSpecification","valueRequired":true,"valueName":"search_term_string"}}],"inLanguage":"en-GB"}]}},"_links":{"self":[{"href":"https:\/\/www.azooree.com\/en\/wp-json\/wp\/v2\/pages\/9811","targetHints":{"allow":["GET"]}}],"collection":[{"href":"https:\/\/www.azooree.com\/en\/wp-json\/wp\/v2\/pages"}],"about":[{"href":"https:\/\/www.azooree.com\/en\/wp-json\/wp\/v2\/types\/page"}],"author":[{"embeddable":true,"href":"https:\/\/www.azooree.com\/en\/wp-json\/wp\/v2\/users\/1"}],"replies":[{"embeddable":true,"href":"https:\/\/www.azooree.com\/en\/wp-json\/wp\/v2\/comments?post=9811"}],"version-history":[{"count":19,"href":"https:\/\/www.azooree.com\/en\/wp-json\/wp\/v2\/pages\/9811\/revisions"}],"predecessor-version":[{"id":11812,"href":"https:\/\/www.azooree.com\/en\/wp-json\/wp\/v2\/pages\/9811\/revisions\/11812"}],"wp:featuredmedia":[{"embeddable":true,"href":"https:\/\/www.azooree.com\/en\/wp-json\/wp\/v2\/media\/10067"}],"wp:attachment":[{"href":"https:\/\/www.azooree.com\/en\/wp-json\/wp\/v2\/media?parent=9811"}],"curies":[{"name":"wp","href":"https:\/\/api.w.org\/{rel}","templated":true}]}}